{"id":1756,"date":"2024-02-21T16:31:10","date_gmt":"2024-02-21T16:31:10","guid":{"rendered":"https:\/\/clientes.desarrolloespacios.com\/rodezyasociados\/foreign-trade-consulting\/"},"modified":"2024-03-26T21:37:38","modified_gmt":"2024-03-26T21:37:38","slug":"foreign-trade-consulting","status":"publish","type":"page","link":"https:\/\/rodez.com.mx\/en\/experience-the-difference-with-our-specialized-services\/foreign-trade-consulting\/","title":{"rendered":"Foreign Trade Consulting"},"content":{"rendered":"\t\t<div data-elementor-type=\"wp-page\" data-elementor-id=\"1756\" class=\"elementor elementor-1756 elementor-1401\" data-elementor-post-type=\"page\">\n\t\t\t\t<div class=\"elementor-element elementor-element-6ea655a e-flex e-con-boxed e-con e-parent\" data-id=\"6ea655a\" data-element_type=\"container\" data-settings=\"{&quot;background_background&quot;:&quot;classic&quot;}\" data-core-v316-plus=\"true\">\n\t\t\t\t\t<div class=\"e-con-inner\">\n\t\t\t\t<div class=\"elementor-element elementor-element-9984a10 elementor-widget__width-initial elementor-widget-mobile__width-initial elementor-widget elementor-widget-heading\" data-id=\"9984a10\" data-element_type=\"widget\" data-widget_type=\"heading.default\">\n\t\t\t\t<div class=\"elementor-widget-container\">\n\t\t\t<h2 class=\"elementor-heading-title elementor-size-default\">Foreign Trade Consulting<\/h2>\t\t<\/div>\n\t\t\t\t<\/div>\n\t\t\t\t<div class=\"elementor-element elementor-element-bd5dc43 split-breadcrumbs-y elementor-widget elementor-widget-the7-breadcrumb\" data-id=\"bd5dc43\" data-element_type=\"widget\" data-widget_type=\"the7-breadcrumb.default\">\n\t\t\t\t<div class=\"elementor-widget-container\">\n\t\t\t<div class=\"assistive-text\">You are here:<\/div><ol class=\"breadcrumbs text-small rcrumbs\" itemscope itemtype=\"https:\/\/schema.org\/BreadcrumbList\"><li itemprop=\"itemListElement\" itemscope itemtype=\"https:\/\/schema.org\/ListItem\"><a itemprop=\"item\" href=\"https:\/\/rodez.com.mx\/en\/\" title=\"Home\"><span itemprop=\"name\">Home<\/span><\/a><meta itemprop=\"position\" content=\"1\" \/><\/li><li class=\"current\" itemprop=\"itemListElement\" itemscope itemtype=\"https:\/\/schema.org\/ListItem\"><span itemprop=\"name\">Page<\/span><meta itemprop=\"position\" content=\"2\" \/><\/li><\/ol>\t\t<\/div>\n\t\t\t\t<\/div>\n\t\t\t\t\t<\/div>\n\t\t\t\t<\/div>\n\t\t<div class=\"elementor-element elementor-element-eafe84e e-flex e-con-boxed e-con e-parent\" data-id=\"eafe84e\" data-element_type=\"container\" data-core-v316-plus=\"true\">\n\t\t\t\t\t<div class=\"e-con-inner\">\n\t\t<div class=\"elementor-element elementor-element-9582489 e-con-full e-flex e-con e-child\" data-id=\"9582489\" data-element_type=\"container\">\n\t\t<div class=\"elementor-element elementor-element-2b83f3a e-con-full e-flex e-con e-child\" data-id=\"2b83f3a\" data-element_type=\"container\" data-settings=\"{&quot;background_background&quot;:&quot;classic&quot;}\">\n\t\t\t\t<div class=\"elementor-element elementor-element-6c56991 elementor-widget__width-inherit elementor-widget elementor-widget-heading\" data-id=\"6c56991\" data-element_type=\"widget\" data-widget_type=\"heading.default\">\n\t\t\t\t<div class=\"elementor-widget-container\">\n\t\t\t<h2 class=\"elementor-heading-title elementor-size-default\">Services<\/h2>\t\t<\/div>\n\t\t\t\t<\/div>\n\t\t\t\t<div class=\"elementor-element elementor-element-e67bf1c elementor-widget__width-initial serviceMenu dt-nav-menu_align-left dt-sub-menu_align-left elementor-widget elementor-widget-the7_nav-menu\" data-id=\"e67bf1c\" data-element_type=\"widget\" data-settings=\"{&quot;submenu_display&quot;:&quot;always&quot;}\" data-widget_type=\"the7_nav-menu.default\">\n\t\t\t\t<div class=\"elementor-widget-container\">\n\t\t\t<nav class=\"dt-nav-menu--main dt-nav-menu__container dt-sub-menu-display-always dt-icon-align- dt-icon-position- dt-sub-icon-position- dt-sub-icon-align-\"><ul class=\"dt-nav-menu\"><li class=\"menu-item menu-item-type-post_type menu-item-object-page menu-item-1793 first depth-0\"><a href='https:\/\/rodez.com.mx\/en\/experience-the-difference-with-our-specialized-services\/customs-clearance\/' data-level='1'><span class=\"item-content\"><span class=\"menu-item-text\"><span class=\"menu-text\">Customs Clearance<\/span><\/span><\/span><span class=\"\" data-icon = \"\"> <\/span><\/a><\/li> <li class=\"menu-item menu-item-type-post_type menu-item-object-page menu-item-1794 depth-0\"><a href='https:\/\/rodez.com.mx\/en\/experience-the-difference-with-our-specialized-services\/foreign-trade-consulting\/' data-level='1'><span class=\"item-content\"><span class=\"menu-item-text\"><span class=\"menu-text\">Foreign Trade Consulting<\/span><\/span><\/span><span class=\"\" data-icon = \"\"> <\/span><\/a><\/li> <li class=\"menu-item menu-item-type-post_type menu-item-object-page menu-item-1795 depth-0\"><a href='https:\/\/rodez.com.mx\/en\/experience-the-difference-with-our-specialized-services\/logistics-and-transportation\/' data-level='1'><span class=\"item-content\"><span class=\"menu-item-text\"><span class=\"menu-text\">Logistics and Transportation<\/span><\/span><\/span><span class=\"\" data-icon = \"\"> <\/span><\/a><\/li> <li class=\"menu-item menu-item-type-post_type menu-item-object-page menu-item-1798 depth-0\"><a href='https:\/\/rodez.com.mx\/en\/experience-the-difference-with-our-specialized-services\/u-s-customs-clearance\/' data-level='1'><span class=\"item-content\"><span class=\"menu-item-text\"><span class=\"menu-text\">U.S. Customs Clearance<\/span><\/span><\/span><span class=\"\" data-icon = \"\"> <\/span><\/a><\/li> <li class=\"menu-item menu-item-type-post_type menu-item-object-page menu-item-1796 depth-0\"><a href='https:\/\/rodez.com.mx\/en\/experience-the-difference-with-our-specialized-services\/reshipment-of-goods\/' data-level='1'><span class=\"item-content\"><span class=\"menu-item-text\"><span class=\"menu-text\">Reshipment of Goods<\/span><\/span><\/span><span class=\"\" data-icon = \"\"> <\/span><\/a><\/li> <li class=\"menu-item menu-item-type-post_type menu-item-object-page menu-item-1797 depth-0\"><a href='https:\/\/rodez.com.mx\/en\/experience-the-difference-with-our-specialized-services\/storage\/' data-level='1'><span class=\"item-content\"><span class=\"menu-item-text\"><span class=\"menu-text\">Storage<\/span><\/span><\/span><span class=\"\" data-icon = \"\"> <\/span><\/a><\/li> <li class=\"menu-item menu-item-type-custom menu-item-object-custom menu-item-1733 depth-0\"><a href='#' data-level='1'><span class=\"item-content\"><span class=\"menu-item-text\"><span class=\"menu-text\">Stock Transfer<\/span><\/span><\/span><span class=\"\" data-icon = \"\"> <\/span><\/a><\/li> <li class=\"menu-item menu-item-type-custom menu-item-object-custom menu-item-1734 depth-0\"><a href='#' data-level='1'><span class=\"item-content\"><span class=\"menu-item-text\"><span class=\"menu-text\">Labeling<\/span><\/span><\/span><span class=\"\" data-icon = \"\"> <\/span><\/a><\/li> <li class=\"menu-item menu-item-type-custom menu-item-object-custom menu-item-1735 last depth-0\"><a href='#' data-level='1'><span class=\"item-content\"><span class=\"menu-item-text\"><span class=\"menu-text\">Repackaging<\/span><\/span><\/span><span class=\"\" data-icon = \"\"> <\/span><\/a><\/li> <\/ul><\/nav>\t\t<\/div>\n\t\t\t\t<\/div>\n\t\t\t\t<\/div>\n\t\t<div class=\"elementor-element elementor-element-7ceda2e e-con-full e-flex e-con e-child\" data-id=\"7ceda2e\" data-element_type=\"container\" data-settings=\"{&quot;background_background&quot;:&quot;classic&quot;}\">\n\t\t\t\t<div class=\"elementor-element elementor-element-0b36f9c underlinedTitle elementor-widget elementor-widget-heading\" data-id=\"0b36f9c\" data-element_type=\"widget\" data-widget_type=\"heading.default\">\n\t\t\t\t<div class=\"elementor-widget-container\">\n\t\t\t<h2 class=\"elementor-heading-title elementor-size-default\">Do you need a consultancy?<\/h2>\t\t<\/div>\n\t\t\t\t<\/div>\n\t\t\t\t<div class=\"elementor-element elementor-element-21d0a4a elementor-button-align-start elementor-widget elementor-widget-form\" data-id=\"21d0a4a\" data-element_type=\"widget\" data-settings=\"{&quot;step_next_label&quot;:&quot;Next&quot;,&quot;step_previous_label&quot;:&quot;Previous&quot;,&quot;button_width&quot;:&quot;100&quot;,&quot;step_type&quot;:&quot;number_text&quot;,&quot;step_icon_shape&quot;:&quot;circle&quot;}\" data-widget_type=\"form.default\">\n\t\t\t\t<div class=\"elementor-widget-container\">\n\t\t\t\t\t<form class=\"elementor-form\" method=\"post\" name=\"Contact\">\n\t\t\t<input type=\"hidden\" name=\"post_id\" value=\"1756\"\/>\n\t\t\t<input type=\"hidden\" name=\"form_id\" value=\"21d0a4a\"\/>\n\t\t\t<input type=\"hidden\" name=\"referer_title\" value=\"Rodez y Asociados\" \/>\n\n\t\t\t\n\t\t\t<div class=\"elementor-form-fields-wrapper elementor-labels-\">\n\t\t\t\t\t\t\t\t<div class=\"elementor-field-type-text elementor-field-group elementor-column elementor-field-group-Nombre elementor-col-100 elementor-field-required\">\n\t\t\t\t\t\t\t\t\t\t\t\t<label for=\"form-field-Nombre\" class=\"elementor-field-label elementor-screen-only\">\n\t\t\t\t\t\t\t\tName\t\t\t\t\t\t\t<\/label>\n\t\t\t\t\t\t\t\t\t\t\t\t\t\t<input size=\"1\" type=\"text\" name=\"form_fields[Nombre]\" id=\"form-field-Nombre\" class=\"elementor-field elementor-size-sm  elementor-field-textual\" placeholder=\"Name\" required=\"required\" aria-required=\"true\">\n\t\t\t\t\t\t\t\t\t\t\t<\/div>\n\t\t\t\t\t\t\t\t<div class=\"elementor-field-type-email elementor-field-group elementor-column elementor-field-group-Correo elementor-col-100 elementor-field-required\">\n\t\t\t\t\t\t\t\t\t\t\t\t<label for=\"form-field-Correo\" class=\"elementor-field-label elementor-screen-only\">\n\t\t\t\t\t\t\t\tMail\t\t\t\t\t\t\t<\/label>\n\t\t\t\t\t\t\t\t\t\t\t\t\t\t<input size=\"1\" type=\"email\" name=\"form_fields[Correo]\" id=\"form-field-Correo\" class=\"elementor-field elementor-size-sm  elementor-field-textual\" placeholder=\"Mail\" required=\"required\" aria-required=\"true\">\n\t\t\t\t\t\t\t\t\t\t\t<\/div>\n\t\t\t\t\t\t\t\t<div class=\"elementor-field-type-tel elementor-field-group elementor-column elementor-field-group-Telefono elementor-col-100 elementor-field-required\">\n\t\t\t\t\t\t\t\t\t\t\t\t<label for=\"form-field-Telefono\" class=\"elementor-field-label elementor-screen-only\">\n\t\t\t\t\t\t\t\tPhone\t\t\t\t\t\t\t<\/label>\n\t\t\t\t\t\t\t\t<input size=\"1\" type=\"tel\" name=\"form_fields[Telefono]\" id=\"form-field-Telefono\" class=\"elementor-field elementor-size-sm  elementor-field-textual\" placeholder=\"Phone\" required=\"required\" aria-required=\"true\" pattern=\"[0-9()#&amp;+*-=.]+\" title=\"Only numbers and phone characters (#, -, *, etc) are accepted.\">\n\n\t\t\t\t\t\t<\/div>\n\t\t\t\t\t\t\t\t<div class=\"elementor-field-type-textarea elementor-field-group elementor-column elementor-field-group-Mensaje elementor-col-100 elementor-field-required\">\n\t\t\t\t\t\t\t\t\t\t\t\t<label for=\"form-field-Mensaje\" class=\"elementor-field-label elementor-screen-only\">\n\t\t\t\t\t\t\t\tMessage\t\t\t\t\t\t\t<\/label>\n\t\t\t\t\t\t<textarea class=\"elementor-field-textual elementor-field  elementor-size-sm\" name=\"form_fields[Mensaje]\" id=\"form-field-Mensaje\" rows=\"4\" placeholder=\"Message\" required=\"required\" aria-required=\"true\"><\/textarea>\t\t\t\t<\/div>\n\t\t\t\t\t\t\t\t<div class=\"elementor-field-group elementor-column elementor-field-type-submit elementor-col-100 e-form__buttons\">\n\t\t\t\t\t<button type=\"submit\" class=\"elementor-button elementor-size-sm\">\n\t\t\t\t\t\t<span >\n\t\t\t\t\t\t\t\t\t\t\t\t\t\t\t<span class=\" elementor-button-icon\">\n\t\t\t\t\t\t\t\t\t\t\t\t\t\t\t\t\t\t\t\t\t\t\t\t\t\t<\/span>\n\t\t\t\t\t\t\t\t\t\t\t\t\t\t\t\t\t\t\t\t\t\t<span class=\"elementor-button-text\">SEND<\/span>\n\t\t\t\t\t\t\t\t\t\t\t\t\t<\/span>\n\t\t\t\t\t<\/button>\n\t\t\t\t<\/div>\n\t\t\t<\/div>\n\t\t<\/form>\n\t\t\t\t<\/div>\n\t\t\t\t<\/div>\n\t\t\t\t<\/div>\n\t\t\t\t<\/div>\n\t\t<div class=\"elementor-element elementor-element-7612381 e-con-full e-flex e-con e-child\" data-id=\"7612381\" data-element_type=\"container\">\n\t\t\t\t<div class=\"elementor-element elementor-element-82f5c4e elementor-widget elementor-widget-image\" data-id=\"82f5c4e\" data-element_type=\"widget\" data-widget_type=\"image.default\">\n\t\t\t\t<div class=\"elementor-widget-container\">\n\t\t\t\t\t\t\t\t\t\t\t\t\t<img fetchpriority=\"high\" decoding=\"async\" width=\"1024\" height=\"683\" src=\"https:\/\/rodez.com.mx\/wp-content\/uploads\/2024\/02\/iStock-1452132478-1-1024x683.jpg\" class=\"attachment-large size-large wp-image-1368\" alt=\"\" srcset=\"https:\/\/rodez.com.mx\/wp-content\/uploads\/2024\/02\/iStock-1452132478-1-1024x683.jpg 1024w, https:\/\/rodez.com.mx\/wp-content\/uploads\/2024\/02\/iStock-1452132478-1-300x200.jpg 300w, https:\/\/rodez.com.mx\/wp-content\/uploads\/2024\/02\/iStock-1452132478-1-768x512.jpg 768w, https:\/\/rodez.com.mx\/wp-content\/uploads\/2024\/02\/iStock-1452132478-1.jpg 1254w\" sizes=\"(max-width: 1024px) 100vw, 1024px\" \/>\t\t\t\t\t\t\t\t\t\t\t\t\t<\/div>\n\t\t\t\t<\/div>\n\t\t\t\t<div class=\"elementor-element elementor-element-1e7f386 underlinedTitle elementor-widget__width-inherit elementor-widget elementor-widget-heading\" data-id=\"1e7f386\" data-element_type=\"widget\" data-widget_type=\"heading.default\">\n\t\t\t\t<div class=\"elementor-widget-container\">\n\t\t\t<h2 class=\"elementor-heading-title elementor-size-default\">Foreign Trade Consulting<\/h2>\t\t<\/div>\n\t\t\t\t<\/div>\n\t\t\t\t<div class=\"elementor-element elementor-element-9c7c4ad elementor-widget elementor-widget-text-editor\" data-id=\"9c7c4ad\" data-element_type=\"widget\" data-widget_type=\"text-editor.default\">\n\t\t\t\t<div class=\"elementor-widget-container\">\n\t\t\t\t\t\t\t<p>We offer expert consulting services in legal, accounting, and tax matters strictly as they pertain to international trade, delivered by our recognized foreign trade and customs specialists.<\/p>\n<p>Additionally, we offer our clients the opportunity to gain valuable insight on matters such as tariff regulations and applicable legal procedures through comprehensive workshops.<\/p>\n\t\t\t\t\t\t<\/div>\n\t\t\t\t<\/div>\n\t\t\t\t<\/div>\n\t\t\t\t\t<\/div>\n\t\t\t\t<\/div>\n\t\t\t\t<\/div>\n\t\t","protected":false},"excerpt":{"rendered":"<p>Est\u00e1s aqu\u00ed: Inicio P\u00e1gina Services Do you need a consultancy? We offer expert consulting services in legal, accounting, and tax matters strictly as they pertain to international trade, delivered by our recognized foreign trade and customs specialists. Additionally, we offer our clients the opportunity to gain valuable insight on matters such as tariff regulations and&hellip;<\/p>\n","protected":false},"author":1,"featured_media":0,"parent":1774,"menu_order":0,"comment_status":"closed","ping_status":"closed","template":"elementor_header_footer","meta":{"footnotes":""},"class_list":["post-1756","page","type-page","status-publish","hentry"],"yoast_head":"<!-- This site is optimized with the Yoast SEO plugin v25.5 - https:\/\/yoast.com\/wordpress\/plugins\/seo\/ -->\n<title>Foreign Trade Consulting - Rodez y Asociados<\/title>\n<meta name=\"robots\" content=\"index, follow, max-snippet:-1, max-image-preview:large, max-video-preview:-1\" \/>\n<link rel=\"canonical\" href=\"https:\/\/rodez.com.mx\/nuestros-servicios\/consultoria-en-comercio-exterior\/\" \/>\n<meta property=\"og:locale\" content=\"en_US\" \/>\n<meta property=\"og:type\" content=\"article\" \/>\n<meta property=\"og:title\" content=\"Foreign Trade Consulting - Rodez y Asociados\" \/>\n<meta property=\"og:description\" content=\"Est\u00e1s aqu\u00ed: Inicio P\u00e1gina Services Do you need a consultancy? We offer expert consulting services in legal, accounting, and tax matters strictly as they pertain to international trade, delivered by our recognized foreign trade and customs specialists. Additionally, we offer our clients the opportunity to gain valuable insight on matters such as tariff regulations and&hellip;\" \/>\n<meta property=\"og:url\" content=\"https:\/\/rodez.com.mx\/nuestros-servicios\/consultoria-en-comercio-exterior\/\" \/>\n<meta property=\"og:site_name\" content=\"Rodez y Asociados\" \/>\n<meta property=\"article:modified_time\" content=\"2024-03-26T21:37:38+00:00\" \/>\n<meta property=\"og:image\" content=\"https:\/\/rodez.com.mx\/wp-content\/uploads\/2024\/02\/iStock-1452132478-1-1024x683.jpg\" \/>\n<meta name=\"twitter:card\" content=\"summary_large_image\" \/>\n<script type=\"application\/ld+json\" class=\"yoast-schema-graph\">{\"@context\":\"https:\/\/schema.org\",\"@graph\":[{\"@type\":\"WebPage\",\"@id\":\"https:\/\/rodez.com.mx\/nuestros-servicios\/consultoria-en-comercio-exterior\/\",\"url\":\"https:\/\/rodez.com.mx\/nuestros-servicios\/consultoria-en-comercio-exterior\/\",\"name\":\"Foreign Trade Consulting - Rodez y Asociados\",\"isPartOf\":{\"@id\":\"https:\/\/rodez.com.mx\/#website\"},\"primaryImageOfPage\":{\"@id\":\"https:\/\/rodez.com.mx\/nuestros-servicios\/consultoria-en-comercio-exterior\/#primaryimage\"},\"image\":{\"@id\":\"https:\/\/rodez.com.mx\/nuestros-servicios\/consultoria-en-comercio-exterior\/#primaryimage\"},\"thumbnailUrl\":\"https:\/\/rodez.com.mx\/wp-content\/uploads\/2024\/02\/iStock-1452132478-1-1024x683.jpg\",\"datePublished\":\"2024-02-21T16:31:10+00:00\",\"dateModified\":\"2024-03-26T21:37:38+00:00\",\"breadcrumb\":{\"@id\":\"https:\/\/rodez.com.mx\/nuestros-servicios\/consultoria-en-comercio-exterior\/#breadcrumb\"},\"inLanguage\":\"en-US\",\"potentialAction\":[{\"@type\":\"ReadAction\",\"target\":[\"https:\/\/rodez.com.mx\/nuestros-servicios\/consultoria-en-comercio-exterior\/\"]}]},{\"@type\":\"ImageObject\",\"inLanguage\":\"en-US\",\"@id\":\"https:\/\/rodez.com.mx\/nuestros-servicios\/consultoria-en-comercio-exterior\/#primaryimage\",\"url\":\"https:\/\/rodez.com.mx\/wp-content\/uploads\/2024\/02\/iStock-1452132478-1-1024x683.jpg\",\"contentUrl\":\"https:\/\/rodez.com.mx\/wp-content\/uploads\/2024\/02\/iStock-1452132478-1-1024x683.jpg\"},{\"@type\":\"BreadcrumbList\",\"@id\":\"https:\/\/rodez.com.mx\/nuestros-servicios\/consultoria-en-comercio-exterior\/#breadcrumb\",\"itemListElement\":[{\"@type\":\"ListItem\",\"position\":1,\"name\":\"Portada\",\"item\":\"https:\/\/rodez.com.mx\/en\/\"},{\"@type\":\"ListItem\",\"position\":2,\"name\":\"Experience the Difference with Our Specialized Services\",\"item\":\"https:\/\/rodez.com.mx\/nuestros-servicios\/\"},{\"@type\":\"ListItem\",\"position\":3,\"name\":\"Foreign Trade Consulting\"}]},{\"@type\":\"WebSite\",\"@id\":\"https:\/\/rodez.com.mx\/#website\",\"url\":\"https:\/\/rodez.com.mx\/\",\"name\":\"Rodez y Asociados\",\"description\":\"Unlimited Forwarding Inc.\",\"publisher\":{\"@id\":\"https:\/\/rodez.com.mx\/#organization\"},\"potentialAction\":[{\"@type\":\"SearchAction\",\"target\":{\"@type\":\"EntryPoint\",\"urlTemplate\":\"https:\/\/rodez.com.mx\/?s={search_term_string}\"},\"query-input\":{\"@type\":\"PropertyValueSpecification\",\"valueRequired\":true,\"valueName\":\"search_term_string\"}}],\"inLanguage\":\"en-US\"},{\"@type\":\"Organization\",\"@id\":\"https:\/\/rodez.com.mx\/#organization\",\"name\":\"Rodez y Asociados\",\"url\":\"https:\/\/rodez.com.mx\/\",\"logo\":{\"@type\":\"ImageObject\",\"inLanguage\":\"en-US\",\"@id\":\"https:\/\/rodez.com.mx\/#\/schema\/logo\/image\/\",\"url\":\"https:\/\/rodez.com.mx\/wp-content\/uploads\/2025\/01\/logo-rodez.jpg\",\"contentUrl\":\"https:\/\/rodez.com.mx\/wp-content\/uploads\/2025\/01\/logo-rodez.jpg\",\"width\":357,\"height\":60,\"caption\":\"Rodez y Asociados\"},\"image\":{\"@id\":\"https:\/\/rodez.com.mx\/#\/schema\/logo\/image\/\"}}]}<\/script>\n<!-- \/ Yoast SEO plugin. -->","yoast_head_json":{"title":"Foreign Trade Consulting - Rodez y Asociados","robots":{"index":"index","follow":"follow","max-snippet":"max-snippet:-1","max-image-preview":"max-image-preview:large","max-video-preview":"max-video-preview:-1"},"canonical":"https:\/\/rodez.com.mx\/nuestros-servicios\/consultoria-en-comercio-exterior\/","og_locale":"en_US","og_type":"article","og_title":"Foreign Trade Consulting - Rodez y Asociados","og_description":"Est\u00e1s aqu\u00ed: Inicio P\u00e1gina Services Do you need a consultancy? We offer expert consulting services in legal, accounting, and tax matters strictly as they pertain to international trade, delivered by our recognized foreign trade and customs specialists. Additionally, we offer our clients the opportunity to gain valuable insight on matters such as tariff regulations and&hellip;","og_url":"https:\/\/rodez.com.mx\/nuestros-servicios\/consultoria-en-comercio-exterior\/","og_site_name":"Rodez y Asociados","article_modified_time":"2024-03-26T21:37:38+00:00","og_image":[{"url":"https:\/\/rodez.com.mx\/wp-content\/uploads\/2024\/02\/iStock-1452132478-1-1024x683.jpg","type":"","width":"","height":""}],"twitter_card":"summary_large_image","schema":{"@context":"https:\/\/schema.org","@graph":[{"@type":"WebPage","@id":"https:\/\/rodez.com.mx\/nuestros-servicios\/consultoria-en-comercio-exterior\/","url":"https:\/\/rodez.com.mx\/nuestros-servicios\/consultoria-en-comercio-exterior\/","name":"Foreign Trade Consulting - Rodez y Asociados","isPartOf":{"@id":"https:\/\/rodez.com.mx\/#website"},"primaryImageOfPage":{"@id":"https:\/\/rodez.com.mx\/nuestros-servicios\/consultoria-en-comercio-exterior\/#primaryimage"},"image":{"@id":"https:\/\/rodez.com.mx\/nuestros-servicios\/consultoria-en-comercio-exterior\/#primaryimage"},"thumbnailUrl":"https:\/\/rodez.com.mx\/wp-content\/uploads\/2024\/02\/iStock-1452132478-1-1024x683.jpg","datePublished":"2024-02-21T16:31:10+00:00","dateModified":"2024-03-26T21:37:38+00:00","breadcrumb":{"@id":"https:\/\/rodez.com.mx\/nuestros-servicios\/consultoria-en-comercio-exterior\/#breadcrumb"},"inLanguage":"en-US","potentialAction":[{"@type":"ReadAction","target":["https:\/\/rodez.com.mx\/nuestros-servicios\/consultoria-en-comercio-exterior\/"]}]},{"@type":"ImageObject","inLanguage":"en-US","@id":"https:\/\/rodez.com.mx\/nuestros-servicios\/consultoria-en-comercio-exterior\/#primaryimage","url":"https:\/\/rodez.com.mx\/wp-content\/uploads\/2024\/02\/iStock-1452132478-1-1024x683.jpg","contentUrl":"https:\/\/rodez.com.mx\/wp-content\/uploads\/2024\/02\/iStock-1452132478-1-1024x683.jpg"},{"@type":"BreadcrumbList","@id":"https:\/\/rodez.com.mx\/nuestros-servicios\/consultoria-en-comercio-exterior\/#breadcrumb","itemListElement":[{"@type":"ListItem","position":1,"name":"Portada","item":"https:\/\/rodez.com.mx\/en\/"},{"@type":"ListItem","position":2,"name":"Experience the Difference with Our Specialized Services","item":"https:\/\/rodez.com.mx\/nuestros-servicios\/"},{"@type":"ListItem","position":3,"name":"Foreign Trade Consulting"}]},{"@type":"WebSite","@id":"https:\/\/rodez.com.mx\/#website","url":"https:\/\/rodez.com.mx\/","name":"Rodez y Asociados","description":"Unlimited Forwarding Inc.","publisher":{"@id":"https:\/\/rodez.com.mx\/#organization"},"potentialAction":[{"@type":"SearchAction","target":{"@type":"EntryPoint","urlTemplate":"https:\/\/rodez.com.mx\/?s={search_term_string}"},"query-input":{"@type":"PropertyValueSpecification","valueRequired":true,"valueName":"search_term_string"}}],"inLanguage":"en-US"},{"@type":"Organization","@id":"https:\/\/rodez.com.mx\/#organization","name":"Rodez y Asociados","url":"https:\/\/rodez.com.mx\/","logo":{"@type":"ImageObject","inLanguage":"en-US","@id":"https:\/\/rodez.com.mx\/#\/schema\/logo\/image\/","url":"https:\/\/rodez.com.mx\/wp-content\/uploads\/2025\/01\/logo-rodez.jpg","contentUrl":"https:\/\/rodez.com.mx\/wp-content\/uploads\/2025\/01\/logo-rodez.jpg","width":357,"height":60,"caption":"Rodez y Asociados"},"image":{"@id":"https:\/\/rodez.com.mx\/#\/schema\/logo\/image\/"}}]}},"_links":{"self":[{"href":"https:\/\/rodez.com.mx\/en\/wp-json\/wp\/v2\/pages\/1756","targetHints":{"allow":["GET"]}}],"collection":[{"href":"https:\/\/rodez.com.mx\/en\/wp-json\/wp\/v2\/pages"}],"about":[{"href":"https:\/\/rodez.com.mx\/en\/wp-json\/wp\/v2\/types\/page"}],"author":[{"embeddable":true,"href":"https:\/\/rodez.com.mx\/en\/wp-json\/wp\/v2\/users\/1"}],"replies":[{"embeddable":true,"href":"https:\/\/rodez.com.mx\/en\/wp-json\/wp\/v2\/comments?post=1756"}],"version-history":[{"count":4,"href":"https:\/\/rodez.com.mx\/en\/wp-json\/wp\/v2\/pages\/1756\/revisions"}],"predecessor-version":[{"id":1892,"href":"https:\/\/rodez.com.mx\/en\/wp-json\/wp\/v2\/pages\/1756\/revisions\/1892"}],"up":[{"embeddable":true,"href":"https:\/\/rodez.com.mx\/en\/wp-json\/wp\/v2\/pages\/1774"}],"wp:attachment":[{"href":"https:\/\/rodez.com.mx\/en\/wp-json\/wp\/v2\/media?parent=1756"}],"curies":[{"name":"wp","href":"https:\/\/api.w.org\/{rel}","templated":true}]}}