{"id":1772,"date":"2024-02-20T10:41:40","date_gmt":"2024-02-20T10:41:40","guid":{"rendered":"https:\/\/clientes.desarrolloespacios.com\/rodezyasociados\/contact-us\/"},"modified":"2024-06-19T16:36:15","modified_gmt":"2024-06-19T16:36:15","slug":"contact-us","status":"publish","type":"page","link":"https:\/\/rodez.com.mx\/en\/contact-us\/","title":{"rendered":"Contact Us"},"content":{"rendered":"\t\t<div data-elementor-type=\"wp-page\" data-elementor-id=\"1772\" class=\"elementor elementor-1772 elementor-1341\" data-elementor-post-type=\"page\">\n\t\t\t\t<div class=\"elementor-element elementor-element-a799f2a e-flex e-con-boxed e-con e-parent\" data-id=\"a799f2a\" data-element_type=\"container\" data-settings=\"{&quot;background_background&quot;:&quot;classic&quot;}\" data-core-v316-plus=\"true\">\n\t\t\t\t\t<div class=\"e-con-inner\">\n\t\t\t\t<div class=\"elementor-element elementor-element-ec6ee7e elementor-widget elementor-widget-heading\" data-id=\"ec6ee7e\" data-element_type=\"widget\" data-widget_type=\"heading.default\">\n\t\t\t\t<div class=\"elementor-widget-container\">\n\t\t\t<h2 class=\"elementor-heading-title elementor-size-default\">Contact Us<\/h2>\t\t<\/div>\n\t\t\t\t<\/div>\n\t\t\t\t<div class=\"elementor-element elementor-element-cefcbfc split-breadcrumbs-y elementor-widget elementor-widget-the7-breadcrumb\" data-id=\"cefcbfc\" data-element_type=\"widget\" data-widget_type=\"the7-breadcrumb.default\">\n\t\t\t\t<div class=\"elementor-widget-container\">\n\t\t\t<div class=\"assistive-text\">You are here:<\/div><ol class=\"breadcrumbs text-small rcrumbs\" itemscope itemtype=\"https:\/\/schema.org\/BreadcrumbList\"><li itemprop=\"itemListElement\" itemscope itemtype=\"https:\/\/schema.org\/ListItem\"><a itemprop=\"item\" href=\"https:\/\/rodez.com.mx\/en\/\" title=\"Home\"><span itemprop=\"name\">Home<\/span><\/a><meta itemprop=\"position\" content=\"1\" \/><\/li><li class=\"current\" itemprop=\"itemListElement\" itemscope itemtype=\"https:\/\/schema.org\/ListItem\"><span itemprop=\"name\">Page<\/span><meta itemprop=\"position\" content=\"2\" \/><\/li><\/ol>\t\t<\/div>\n\t\t\t\t<\/div>\n\t\t\t\t\t<\/div>\n\t\t\t\t<\/div>\n\t\t<div class=\"elementor-element elementor-element-73d7af7 e-flex e-con-boxed e-con e-parent\" data-id=\"73d7af7\" data-element_type=\"container\" data-core-v316-plus=\"true\">\n\t\t\t\t\t<div class=\"e-con-inner\">\n\t\t<div class=\"elementor-element elementor-element-aa6427f e-con-full e-flex e-con e-child\" data-id=\"aa6427f\" data-element_type=\"container\">\n\t\t\t\t<div class=\"elementor-element elementor-element-6df4bd8 underlinedTitle elementor-widget elementor-widget-heading\" data-id=\"6df4bd8\" data-element_type=\"widget\" data-widget_type=\"heading.default\">\n\t\t\t\t<div class=\"elementor-widget-container\">\n\t\t\t<h2 class=\"elementor-heading-title elementor-size-default\">Nuevo Laredo Office<\/h2>\t\t<\/div>\n\t\t\t\t<\/div>\n\t\t\t\t<div class=\"elementor-element elementor-element-3423a4e elementor-widget elementor-widget-text-editor\" data-id=\"3423a4e\" data-element_type=\"widget\" data-widget_type=\"text-editor.default\">\n\t\t\t\t<div class=\"elementor-widget-container\">\n\t\t\t\t\t\t\t<p>Washington # 2346 Fracc. Ojo<br \/>Caliente, Nuevo Laredo, Tamps.<br \/>88040<\/p>\n<p>(867) 715-7577<\/p>\n\t\t\t\t\t\t<\/div>\n\t\t\t\t<\/div>\n\t\t\t\t<\/div>\n\t\t<div class=\"elementor-element elementor-element-25f7ebf e-con-full e-flex e-con e-child\" data-id=\"25f7ebf\" data-element_type=\"container\">\n\t\t\t\t<div class=\"elementor-element elementor-element-8f9ebb2 underlinedTitle elementor-widget elementor-widget-heading\" data-id=\"8f9ebb2\" data-element_type=\"widget\" data-widget_type=\"heading.default\">\n\t\t\t\t<div class=\"elementor-widget-container\">\n\t\t\t<h2 class=\"elementor-heading-title elementor-size-default\">Laredo TX Office<\/h2>\t\t<\/div>\n\t\t\t\t<\/div>\n\t\t\t\t<div class=\"elementor-element elementor-element-f0f9d6d elementor-widget elementor-widget-text-editor\" data-id=\"f0f9d6d\" data-element_type=\"widget\" data-widget_type=\"text-editor.default\">\n\t\t\t\t<div class=\"elementor-widget-container\">\n\t\t\t\t\t\t\t<p>813 Union Pacific Blvd. East Point<br \/>Industrial Park, Laredo, TX 78045<\/p>\n<p>001-(956) 791-0435<\/p>\n\t\t\t\t\t\t<\/div>\n\t\t\t\t<\/div>\n\t\t\t\t<\/div>\n\t\t<div class=\"elementor-element elementor-element-b6bd187 e-con-full e-flex e-con e-child\" data-id=\"b6bd187\" data-element_type=\"container\">\n\t\t\t\t<div class=\"elementor-element elementor-element-f130f98 underlinedTitle elementor-widget elementor-widget-heading\" data-id=\"f130f98\" data-element_type=\"widget\" data-widget_type=\"heading.default\">\n\t\t\t\t<div class=\"elementor-widget-container\">\n\t\t\t<h2 class=\"elementor-heading-title elementor-size-default\">Contact<\/h2>\t\t<\/div>\n\t\t\t\t<\/div>\n\t\t\t\t<div class=\"elementor-element elementor-element-0156278 elementor-widget elementor-widget-text-editor\" data-id=\"0156278\" data-element_type=\"widget\" data-widget_type=\"text-editor.default\">\n\t\t\t\t<div class=\"elementor-widget-container\">\n\t\t\t\t\t\t\t<strong>Mail<\/strong>\nservicio_al_cliente@rodez.com.mx\t\t\t\t\t\t<\/div>\n\t\t\t\t<\/div>\n\t\t\t\t<\/div>\n\t\t\t\t\t<\/div>\n\t\t\t\t<\/div>\n\t\t<div class=\"elementor-element elementor-element-f3bfc5e e-flex e-con-boxed e-con e-parent\" data-id=\"f3bfc5e\" data-element_type=\"container\" data-core-v316-plus=\"true\">\n\t\t\t\t\t<div class=\"e-con-inner\">\n\t\t<div class=\"elementor-element elementor-element-8fc5c57 e-con-full e-flex e-con e-child\" data-id=\"8fc5c57\" data-element_type=\"container\" data-settings=\"{&quot;background_background&quot;:&quot;classic&quot;}\">\n\t\t\t\t<div class=\"elementor-element elementor-element-b64d261 underlinedTitle elementor-widget elementor-widget-heading\" data-id=\"b64d261\" data-element_type=\"widget\" data-widget_type=\"heading.default\">\n\t\t\t\t<div class=\"elementor-widget-container\">\n\t\t\t<h2 class=\"elementor-heading-title elementor-size-default\">Location<\/h2>\t\t<\/div>\n\t\t\t\t<\/div>\n\t\t\t\t<div class=\"elementor-element elementor-element-62092d7 elementor-widget elementor-widget-google_maps\" data-id=\"62092d7\" data-element_type=\"widget\" data-widget_type=\"google_maps.default\">\n\t\t\t\t<div class=\"elementor-widget-container\">\n\t\t\t\t\t<div class=\"elementor-custom-embed\">\n\t\t\t<iframe loading=\"lazy\"\n\t\t\t\t\tsrc=\"https:\/\/maps.google.com\/maps?q=Washington%20%232346%20Fracc.%20Ojo%20Caliente%20Nuevo%20Laredo%2C%20Tamps.%2088040&#038;t=m&#038;z=16&#038;output=embed&#038;iwloc=near\"\n\t\t\t\t\ttitle=\"Washington #2346 Fracc. Ojo Caliente Nuevo Laredo, Tamps. 88040\"\n\t\t\t\t\taria-label=\"Washington #2346 Fracc. Ojo Caliente Nuevo Laredo, Tamps. 88040\"\n\t\t\t><\/iframe>\n\t\t<\/div>\n\t\t\t\t<\/div>\n\t\t\t\t<\/div>\n\t\t\t\t<\/div>\n\t\t<div class=\"elementor-element elementor-element-ec593f2 e-con-full e-flex e-con e-child\" data-id=\"ec593f2\" data-element_type=\"container\" data-settings=\"{&quot;background_background&quot;:&quot;classic&quot;}\">\n\t\t\t\t<div class=\"elementor-element elementor-element-0073fd7 underlinedTitle elementor-widget elementor-widget-heading\" data-id=\"0073fd7\" data-element_type=\"widget\" data-widget_type=\"heading.default\">\n\t\t\t\t<div class=\"elementor-widget-container\">\n\t\t\t<h2 class=\"elementor-heading-title elementor-size-default\">Do you need a consultancy?<\/h2>\t\t<\/div>\n\t\t\t\t<\/div>\n\t\t\t\t<div class=\"elementor-element elementor-element-79cea08 elementor-button-align-start elementor-widget elementor-widget-form\" data-id=\"79cea08\" data-element_type=\"widget\" data-settings=\"{&quot;step_next_label&quot;:&quot;Next&quot;,&quot;step_previous_label&quot;:&quot;Previous&quot;,&quot;button_width&quot;:&quot;100&quot;,&quot;step_type&quot;:&quot;number_text&quot;,&quot;step_icon_shape&quot;:&quot;circle&quot;}\" data-widget_type=\"form.default\">\n\t\t\t\t<div class=\"elementor-widget-container\">\n\t\t\t\t\t<form class=\"elementor-form\" method=\"post\" name=\"Contact\">\n\t\t\t<input type=\"hidden\" name=\"post_id\" value=\"1772\"\/>\n\t\t\t<input type=\"hidden\" name=\"form_id\" value=\"79cea08\"\/>\n\t\t\t<input type=\"hidden\" name=\"referer_title\" value=\"Rodez y Asociados\" \/>\n\n\t\t\t\n\t\t\t<div class=\"elementor-form-fields-wrapper elementor-labels-\">\n\t\t\t\t\t\t\t\t<div class=\"elementor-field-type-text elementor-field-group elementor-column elementor-field-group-Nombre elementor-col-100 elementor-field-required\">\n\t\t\t\t\t\t\t\t\t\t\t\t<label for=\"form-field-Nombre\" class=\"elementor-field-label elementor-screen-only\">\n\t\t\t\t\t\t\t\tName\t\t\t\t\t\t\t<\/label>\n\t\t\t\t\t\t\t\t\t\t\t\t\t\t<input size=\"1\" type=\"text\" name=\"form_fields[Nombre]\" id=\"form-field-Nombre\" class=\"elementor-field elementor-size-sm  elementor-field-textual\" placeholder=\"Name\" required=\"required\" aria-required=\"true\">\n\t\t\t\t\t\t\t\t\t\t\t<\/div>\n\t\t\t\t\t\t\t\t<div class=\"elementor-field-type-email elementor-field-group elementor-column elementor-field-group-Correo elementor-col-100 elementor-field-required\">\n\t\t\t\t\t\t\t\t\t\t\t\t<label for=\"form-field-Correo\" class=\"elementor-field-label elementor-screen-only\">\n\t\t\t\t\t\t\t\tMail\t\t\t\t\t\t\t<\/label>\n\t\t\t\t\t\t\t\t\t\t\t\t\t\t<input size=\"1\" type=\"email\" name=\"form_fields[Correo]\" id=\"form-field-Correo\" class=\"elementor-field elementor-size-sm  elementor-field-textual\" placeholder=\"Mail\" required=\"required\" aria-required=\"true\">\n\t\t\t\t\t\t\t\t\t\t\t<\/div>\n\t\t\t\t\t\t\t\t<div class=\"elementor-field-type-tel elementor-field-group elementor-column elementor-field-group-Telefono elementor-col-100 elementor-field-required\">\n\t\t\t\t\t\t\t\t\t\t\t\t<label for=\"form-field-Telefono\" class=\"elementor-field-label elementor-screen-only\">\n\t\t\t\t\t\t\t\tPhone\t\t\t\t\t\t\t<\/label>\n\t\t\t\t\t\t\t\t<input size=\"1\" type=\"tel\" name=\"form_fields[Telefono]\" id=\"form-field-Telefono\" class=\"elementor-field elementor-size-sm  elementor-field-textual\" placeholder=\"Phone\" required=\"required\" aria-required=\"true\" pattern=\"[0-9()#&amp;+*-=.]+\" title=\"Only numbers and phone characters (#, -, *, etc) are accepted.\">\n\n\t\t\t\t\t\t<\/div>\n\t\t\t\t\t\t\t\t<div class=\"elementor-field-type-textarea elementor-field-group elementor-column elementor-field-group-Mensaje elementor-col-100 elementor-field-required\">\n\t\t\t\t\t\t\t\t\t\t\t\t<label for=\"form-field-Mensaje\" class=\"elementor-field-label elementor-screen-only\">\n\t\t\t\t\t\t\t\tMessage\t\t\t\t\t\t\t<\/label>\n\t\t\t\t\t\t<textarea class=\"elementor-field-textual elementor-field  elementor-size-sm\" name=\"form_fields[Mensaje]\" id=\"form-field-Mensaje\" rows=\"4\" placeholder=\"Message\" required=\"required\" aria-required=\"true\"><\/textarea>\t\t\t\t<\/div>\n\t\t\t\t\t\t\t\t<div class=\"elementor-field-type-recaptcha_v3 elementor-field-group elementor-column elementor-field-group-field_cf44010 elementor-col-100 recaptcha_v3-bottomright\">\n\t\t\t\t\t<div class=\"elementor-field\" id=\"form-field-field_cf44010\"><div class=\"elementor-g-recaptcha\" data-sitekey=\"6Lfdds0pAAAAAEdCD165gcDjo0io7oNxFfDDUDn5\" data-type=\"v3\" data-action=\"Form\" data-badge=\"bottomright\" data-size=\"invisible\"><\/div><\/div>\t\t\t\t<\/div>\n\t\t\t\t\t\t\t\t<div class=\"elementor-field-group elementor-column elementor-field-type-submit elementor-col-100 e-form__buttons\">\n\t\t\t\t\t<button type=\"submit\" class=\"elementor-button elementor-size-sm\">\n\t\t\t\t\t\t<span >\n\t\t\t\t\t\t\t\t\t\t\t\t\t\t\t<span class=\" elementor-button-icon\">\n\t\t\t\t\t\t\t\t\t\t\t\t\t\t\t\t\t\t\t\t\t\t\t\t\t\t<\/span>\n\t\t\t\t\t\t\t\t\t\t\t\t\t\t\t\t\t\t\t\t\t\t<span class=\"elementor-button-text\">SEND<\/span>\n\t\t\t\t\t\t\t\t\t\t\t\t\t<\/span>\n\t\t\t\t\t<\/button>\n\t\t\t\t<\/div>\n\t\t\t<\/div>\n\t\t<\/form>\n\t\t\t\t<\/div>\n\t\t\t\t<\/div>\n\t\t\t\t<\/div>\n\t\t\t\t\t<\/div>\n\t\t\t\t<\/div>\n\t\t\t\t<\/div>\n\t\t","protected":false},"excerpt":{"rendered":"<p>Est\u00e1s aqu\u00ed: Inicio P\u00e1gina Nuevo Laredo Office Washington # 2346 Fracc. OjoCaliente, Nuevo Laredo, Tamps.88040 (867) 715-7577 Laredo TX Office 813 Union Pacific Blvd. East PointIndustrial Park, Laredo, TX 78045 001-(956) 791-0435 Contact Mail servicio_al_cliente@rodez.com.mx Location Do you need a consultancy?<\/p>\n","protected":false},"author":1,"featured_media":1705,"parent":0,"menu_order":0,"comment_status":"closed","ping_status":"closed","template":"elementor_header_footer","meta":{"footnotes":""},"class_list":["post-1772","page","type-page","status-publish","has-post-thumbnail","hentry"],"yoast_head":"<!-- This site is optimized with the Yoast SEO plugin v25.5 - https:\/\/yoast.com\/wordpress\/plugins\/seo\/ -->\n<title>Contact Us - Rodez y Asociados<\/title>\n<meta name=\"robots\" content=\"index, follow, max-snippet:-1, max-image-preview:large, max-video-preview:-1\" \/>\n<link rel=\"canonical\" href=\"https:\/\/rodez.com.mx\/contacto\/\" \/>\n<meta property=\"og:locale\" content=\"en_US\" \/>\n<meta property=\"og:type\" content=\"article\" \/>\n<meta property=\"og:title\" content=\"Contact Us - Rodez y Asociados\" \/>\n<meta property=\"og:description\" content=\"Est\u00e1s aqu\u00ed: Inicio P\u00e1gina Nuevo Laredo Office Washington # 2346 Fracc. OjoCaliente, Nuevo Laredo, Tamps.88040 (867) 715-7577 Laredo TX Office 813 Union Pacific Blvd. East PointIndustrial Park, Laredo, TX 78045 001-(956) 791-0435 Contact Mail servicio_al_cliente@rodez.com.mx Location Do you need a consultancy?\" \/>\n<meta property=\"og:url\" content=\"https:\/\/rodez.com.mx\/contacto\/\" \/>\n<meta property=\"og:site_name\" content=\"Rodez y Asociados\" \/>\n<meta property=\"article:modified_time\" content=\"2024-06-19T16:36:15+00:00\" \/>\n<meta property=\"og:image\" content=\"https:\/\/rodez.com.mx\/wp-content\/uploads\/2024\/02\/Slider-de-Home-scaled.jpg\" \/>\n\t<meta property=\"og:image:width\" content=\"2560\" \/>\n\t<meta property=\"og:image:height\" content=\"1040\" \/>\n\t<meta property=\"og:image:type\" content=\"image\/jpeg\" \/>\n<meta name=\"twitter:card\" content=\"summary_large_image\" \/>\n<meta name=\"twitter:label1\" content=\"Est. reading time\" \/>\n\t<meta name=\"twitter:data1\" content=\"1 minute\" \/>\n<script type=\"application\/ld+json\" class=\"yoast-schema-graph\">{\"@context\":\"https:\/\/schema.org\",\"@graph\":[{\"@type\":\"WebPage\",\"@id\":\"https:\/\/rodez.com.mx\/contacto\/\",\"url\":\"https:\/\/rodez.com.mx\/contacto\/\",\"name\":\"Contact Us - Rodez y Asociados\",\"isPartOf\":{\"@id\":\"https:\/\/rodez.com.mx\/#website\"},\"primaryImageOfPage\":{\"@id\":\"https:\/\/rodez.com.mx\/contacto\/#primaryimage\"},\"image\":{\"@id\":\"https:\/\/rodez.com.mx\/contacto\/#primaryimage\"},\"thumbnailUrl\":\"https:\/\/rodez.com.mx\/wp-content\/uploads\/2024\/02\/Slider-de-Home-scaled.jpg\",\"datePublished\":\"2024-02-20T10:41:40+00:00\",\"dateModified\":\"2024-06-19T16:36:15+00:00\",\"breadcrumb\":{\"@id\":\"https:\/\/rodez.com.mx\/contacto\/#breadcrumb\"},\"inLanguage\":\"en-US\",\"potentialAction\":[{\"@type\":\"ReadAction\",\"target\":[\"https:\/\/rodez.com.mx\/contacto\/\"]}]},{\"@type\":\"ImageObject\",\"inLanguage\":\"en-US\",\"@id\":\"https:\/\/rodez.com.mx\/contacto\/#primaryimage\",\"url\":\"https:\/\/rodez.com.mx\/wp-content\/uploads\/2024\/02\/Slider-de-Home-scaled.jpg\",\"contentUrl\":\"https:\/\/rodez.com.mx\/wp-content\/uploads\/2024\/02\/Slider-de-Home-scaled.jpg\",\"width\":2560,\"height\":1040},{\"@type\":\"BreadcrumbList\",\"@id\":\"https:\/\/rodez.com.mx\/contacto\/#breadcrumb\",\"itemListElement\":[{\"@type\":\"ListItem\",\"position\":1,\"name\":\"Portada\",\"item\":\"https:\/\/rodez.com.mx\/en\/\"},{\"@type\":\"ListItem\",\"position\":2,\"name\":\"Contact Us\"}]},{\"@type\":\"WebSite\",\"@id\":\"https:\/\/rodez.com.mx\/#website\",\"url\":\"https:\/\/rodez.com.mx\/\",\"name\":\"Rodez y Asociados\",\"description\":\"Unlimited Forwarding Inc.\",\"publisher\":{\"@id\":\"https:\/\/rodez.com.mx\/#organization\"},\"potentialAction\":[{\"@type\":\"SearchAction\",\"target\":{\"@type\":\"EntryPoint\",\"urlTemplate\":\"https:\/\/rodez.com.mx\/?s={search_term_string}\"},\"query-input\":{\"@type\":\"PropertyValueSpecification\",\"valueRequired\":true,\"valueName\":\"search_term_string\"}}],\"inLanguage\":\"en-US\"},{\"@type\":\"Organization\",\"@id\":\"https:\/\/rodez.com.mx\/#organization\",\"name\":\"Rodez y Asociados\",\"url\":\"https:\/\/rodez.com.mx\/\",\"logo\":{\"@type\":\"ImageObject\",\"inLanguage\":\"en-US\",\"@id\":\"https:\/\/rodez.com.mx\/#\/schema\/logo\/image\/\",\"url\":\"https:\/\/rodez.com.mx\/wp-content\/uploads\/2025\/01\/logo-rodez.jpg\",\"contentUrl\":\"https:\/\/rodez.com.mx\/wp-content\/uploads\/2025\/01\/logo-rodez.jpg\",\"width\":357,\"height\":60,\"caption\":\"Rodez y Asociados\"},\"image\":{\"@id\":\"https:\/\/rodez.com.mx\/#\/schema\/logo\/image\/\"}}]}<\/script>\n<!-- \/ Yoast SEO plugin. -->","yoast_head_json":{"title":"Contact Us - Rodez y Asociados","robots":{"index":"index","follow":"follow","max-snippet":"max-snippet:-1","max-image-preview":"max-image-preview:large","max-video-preview":"max-video-preview:-1"},"canonical":"https:\/\/rodez.com.mx\/contacto\/","og_locale":"en_US","og_type":"article","og_title":"Contact Us - Rodez y Asociados","og_description":"Est\u00e1s aqu\u00ed: Inicio P\u00e1gina Nuevo Laredo Office Washington # 2346 Fracc. OjoCaliente, Nuevo Laredo, Tamps.88040 (867) 715-7577 Laredo TX Office 813 Union Pacific Blvd. East PointIndustrial Park, Laredo, TX 78045 001-(956) 791-0435 Contact Mail servicio_al_cliente@rodez.com.mx Location Do you need a consultancy?","og_url":"https:\/\/rodez.com.mx\/contacto\/","og_site_name":"Rodez y Asociados","article_modified_time":"2024-06-19T16:36:15+00:00","og_image":[{"width":2560,"height":1040,"url":"https:\/\/rodez.com.mx\/wp-content\/uploads\/2024\/02\/Slider-de-Home-scaled.jpg","type":"image\/jpeg"}],"twitter_card":"summary_large_image","twitter_misc":{"Est. reading time":"1 minute"},"schema":{"@context":"https:\/\/schema.org","@graph":[{"@type":"WebPage","@id":"https:\/\/rodez.com.mx\/contacto\/","url":"https:\/\/rodez.com.mx\/contacto\/","name":"Contact Us - Rodez y Asociados","isPartOf":{"@id":"https:\/\/rodez.com.mx\/#website"},"primaryImageOfPage":{"@id":"https:\/\/rodez.com.mx\/contacto\/#primaryimage"},"image":{"@id":"https:\/\/rodez.com.mx\/contacto\/#primaryimage"},"thumbnailUrl":"https:\/\/rodez.com.mx\/wp-content\/uploads\/2024\/02\/Slider-de-Home-scaled.jpg","datePublished":"2024-02-20T10:41:40+00:00","dateModified":"2024-06-19T16:36:15+00:00","breadcrumb":{"@id":"https:\/\/rodez.com.mx\/contacto\/#breadcrumb"},"inLanguage":"en-US","potentialAction":[{"@type":"ReadAction","target":["https:\/\/rodez.com.mx\/contacto\/"]}]},{"@type":"ImageObject","inLanguage":"en-US","@id":"https:\/\/rodez.com.mx\/contacto\/#primaryimage","url":"https:\/\/rodez.com.mx\/wp-content\/uploads\/2024\/02\/Slider-de-Home-scaled.jpg","contentUrl":"https:\/\/rodez.com.mx\/wp-content\/uploads\/2024\/02\/Slider-de-Home-scaled.jpg","width":2560,"height":1040},{"@type":"BreadcrumbList","@id":"https:\/\/rodez.com.mx\/contacto\/#breadcrumb","itemListElement":[{"@type":"ListItem","position":1,"name":"Portada","item":"https:\/\/rodez.com.mx\/en\/"},{"@type":"ListItem","position":2,"name":"Contact Us"}]},{"@type":"WebSite","@id":"https:\/\/rodez.com.mx\/#website","url":"https:\/\/rodez.com.mx\/","name":"Rodez y Asociados","description":"Unlimited Forwarding Inc.","publisher":{"@id":"https:\/\/rodez.com.mx\/#organization"},"potentialAction":[{"@type":"SearchAction","target":{"@type":"EntryPoint","urlTemplate":"https:\/\/rodez.com.mx\/?s={search_term_string}"},"query-input":{"@type":"PropertyValueSpecification","valueRequired":true,"valueName":"search_term_string"}}],"inLanguage":"en-US"},{"@type":"Organization","@id":"https:\/\/rodez.com.mx\/#organization","name":"Rodez y Asociados","url":"https:\/\/rodez.com.mx\/","logo":{"@type":"ImageObject","inLanguage":"en-US","@id":"https:\/\/rodez.com.mx\/#\/schema\/logo\/image\/","url":"https:\/\/rodez.com.mx\/wp-content\/uploads\/2025\/01\/logo-rodez.jpg","contentUrl":"https:\/\/rodez.com.mx\/wp-content\/uploads\/2025\/01\/logo-rodez.jpg","width":357,"height":60,"caption":"Rodez y Asociados"},"image":{"@id":"https:\/\/rodez.com.mx\/#\/schema\/logo\/image\/"}}]}},"_links":{"self":[{"href":"https:\/\/rodez.com.mx\/en\/wp-json\/wp\/v2\/pages\/1772","targetHints":{"allow":["GET"]}}],"collection":[{"href":"https:\/\/rodez.com.mx\/en\/wp-json\/wp\/v2\/pages"}],"about":[{"href":"https:\/\/rodez.com.mx\/en\/wp-json\/wp\/v2\/types\/page"}],"author":[{"embeddable":true,"href":"https:\/\/rodez.com.mx\/en\/wp-json\/wp\/v2\/users\/1"}],"replies":[{"embeddable":true,"href":"https:\/\/rodez.com.mx\/en\/wp-json\/wp\/v2\/comments?post=1772"}],"version-history":[{"count":7,"href":"https:\/\/rodez.com.mx\/en\/wp-json\/wp\/v2\/pages\/1772\/revisions"}],"predecessor-version":[{"id":2085,"href":"https:\/\/rodez.com.mx\/en\/wp-json\/wp\/v2\/pages\/1772\/revisions\/2085"}],"wp:featuredmedia":[{"embeddable":true,"href":"https:\/\/rodez.com.mx\/en\/wp-json\/wp\/v2\/media\/1705"}],"wp:attachment":[{"href":"https:\/\/rodez.com.mx\/en\/wp-json\/wp\/v2\/media?parent=1772"}],"curies":[{"name":"wp","href":"https:\/\/api.w.org\/{rel}","templated":true}]}}