{"id":1783,"date":"2024-02-20T10:02:25","date_gmt":"2024-02-20T10:02:25","guid":{"rendered":"https:\/\/clientes.desarrolloespacios.com\/rodezyasociados\/about-us\/"},"modified":"2024-03-22T17:21:48","modified_gmt":"2024-03-22T17:21:48","slug":"about-us","status":"publish","type":"page","link":"https:\/\/rodez.com.mx\/en\/about-us\/","title":{"rendered":"About Us"},"content":{"rendered":"\t\t<div data-elementor-type=\"wp-page\" data-elementor-id=\"1783\" class=\"elementor elementor-1783 elementor-1295\" data-elementor-post-type=\"page\">\n\t\t\t\t<div class=\"elementor-element elementor-element-a799f2a e-flex e-con-boxed e-con e-parent\" data-id=\"a799f2a\" data-element_type=\"container\" data-settings=\"{&quot;background_background&quot;:&quot;classic&quot;}\" data-core-v316-plus=\"true\">\n\t\t\t\t\t<div class=\"e-con-inner\">\n\t\t\t\t<div class=\"elementor-element elementor-element-ec6ee7e elementor-widget elementor-widget-heading\" data-id=\"ec6ee7e\" data-element_type=\"widget\" data-widget_type=\"heading.default\">\n\t\t\t\t<div class=\"elementor-widget-container\">\n\t\t\t<h2 class=\"elementor-heading-title elementor-size-default\">About Us<\/h2>\t\t<\/div>\n\t\t\t\t<\/div>\n\t\t\t\t<div class=\"elementor-element elementor-element-cefcbfc split-breadcrumbs-y elementor-widget elementor-widget-the7-breadcrumb\" data-id=\"cefcbfc\" data-element_type=\"widget\" data-widget_type=\"the7-breadcrumb.default\">\n\t\t\t\t<div class=\"elementor-widget-container\">\n\t\t\t<div class=\"assistive-text\">You are here:<\/div><ol class=\"breadcrumbs text-small rcrumbs\" itemscope itemtype=\"https:\/\/schema.org\/BreadcrumbList\"><li itemprop=\"itemListElement\" itemscope itemtype=\"https:\/\/schema.org\/ListItem\"><a itemprop=\"item\" href=\"https:\/\/rodez.com.mx\/en\/\" title=\"Home\"><span itemprop=\"name\">Home<\/span><\/a><meta itemprop=\"position\" content=\"1\" \/><\/li><li class=\"current\" itemprop=\"itemListElement\" itemscope itemtype=\"https:\/\/schema.org\/ListItem\"><span itemprop=\"name\">Page<\/span><meta itemprop=\"position\" content=\"2\" \/><\/li><\/ol>\t\t<\/div>\n\t\t\t\t<\/div>\n\t\t\t\t\t<\/div>\n\t\t\t\t<\/div>\n\t\t<div class=\"elementor-element elementor-element-f3bfc5e e-flex e-con-boxed e-con e-parent\" data-id=\"f3bfc5e\" data-element_type=\"container\" data-core-v316-plus=\"true\">\n\t\t\t\t\t<div class=\"e-con-inner\">\n\t\t<div class=\"elementor-element elementor-element-8fc5c57 e-con-full e-flex e-con e-child\" data-id=\"8fc5c57\" data-element_type=\"container\">\n\t\t\t\t<div class=\"elementor-element elementor-element-b64d261 underlinedTitle elementor-widget elementor-widget-heading\" data-id=\"b64d261\" data-element_type=\"widget\" data-widget_type=\"heading.default\">\n\t\t\t\t<div class=\"elementor-widget-container\">\n\t\t\t<h2 class=\"elementor-heading-title elementor-size-default\">About Us<\/h2>\t\t<\/div>\n\t\t\t\t<\/div>\n\t\t\t\t<div class=\"elementor-element elementor-element-ccf892a elementor-widget elementor-widget-text-editor\" data-id=\"ccf892a\" data-element_type=\"widget\" data-widget_type=\"text-editor.default\">\n\t\t\t\t<div class=\"elementor-widget-container\">\n\t\t\t\t\t\t\t<strong>In August 1994, our story began<\/strong> as a response to the growing demand for <strong>Foreign Trade services<\/strong>. Moved by the concern of visionary founders, we embarked on the creation of a dynamic and constantly evolving company. Since then, we have stood out for providing serious and avant-garde capital, adapting with agility to the continuous technological changes and challenges of globalization. <strong>We are proud to be the trusted partner that importers and exporters need to thrive in an ever-changing business environment.<\/strong>\n\nIn this journey of almost three decades, we have consolidated our position as leaders in the industry, offering innovative solutions that range from Customs Clearance to comprehensive logistics and transportation services. At<strong>Rodez y Asociados, S.C. \/ Unlimited Inc.<\/strong>We are committed to excellence, backed by an uninterrupted track record and a trained human team. Our mission persists: to be the strategic partner that drives the success of companies, providing quality services adapted to the changing demands of the business world.\t\t\t\t\t\t<\/div>\n\t\t\t\t<\/div>\n\t\t\t\t<\/div>\n\t\t<div class=\"elementor-element elementor-element-ec593f2 e-con-full e-flex e-con e-child\" data-id=\"ec593f2\" data-element_type=\"container\">\n\t\t\t\t<div class=\"elementor-element elementor-element-d9ecedd elementor-widget__width-inherit elementor-widget elementor-widget-image\" data-id=\"d9ecedd\" data-element_type=\"widget\" data-widget_type=\"image.default\">\n\t\t\t\t<div class=\"elementor-widget-container\">\n\t\t\t\t\t\t\t\t\t\t\t\t\t<img fetchpriority=\"high\" decoding=\"async\" width=\"1024\" height=\"697\" src=\"https:\/\/rodez.com.mx\/wp-content\/uploads\/2024\/02\/iStock-1521289911-1024x697.jpg\" class=\"attachment-large size-large wp-image-1241\" alt=\"\" srcset=\"https:\/\/rodez.com.mx\/wp-content\/uploads\/2024\/02\/iStock-1521289911-1024x697.jpg 1024w, https:\/\/rodez.com.mx\/wp-content\/uploads\/2024\/02\/iStock-1521289911-300x204.jpg 300w, https:\/\/rodez.com.mx\/wp-content\/uploads\/2024\/02\/iStock-1521289911-768x523.jpg 768w, https:\/\/rodez.com.mx\/wp-content\/uploads\/2024\/02\/iStock-1521289911-1536x1046.jpg 1536w, https:\/\/rodez.com.mx\/wp-content\/uploads\/2024\/02\/iStock-1521289911.jpg 1920w\" sizes=\"(max-width: 1024px) 100vw, 1024px\" \/>\t\t\t\t\t\t\t\t\t\t\t\t\t<\/div>\n\t\t\t\t<\/div>\n\t\t\t\t<div class=\"elementor-element elementor-element-0073fd7 underlinedTitle elementor-widget elementor-widget-heading\" data-id=\"0073fd7\" data-element_type=\"widget\" data-widget_type=\"heading.default\">\n\t\t\t\t<div class=\"elementor-widget-container\">\n\t\t\t<h2 class=\"elementor-heading-title elementor-size-default\">Solutions in International Trade<\/h2>\t\t<\/div>\n\t\t\t\t<\/div>\n\t\t\t\t<div class=\"elementor-element elementor-element-59e900c elementor-widget elementor-widget-text-editor\" data-id=\"59e900c\" data-element_type=\"widget\" data-widget_type=\"text-editor.default\">\n\t\t\t\t<div class=\"elementor-widget-container\">\n\t\t\t\t\t\t\t<p><span class=\"number\">1<\/span> Customs Clearance<br \/><span class=\"number\">2<\/span> Foreign Trade Consulting<br \/><span class=\"number\">3<\/span> Logistics and Transportation<br \/><span class=\"number\">4<\/span> U.S. Customs Clearance<br \/><span class=\"number\">5<\/span> Reshipment of Goods<br \/><span class=\"number\">6<\/span> Storage<br \/><span class=\"number\">7<\/span> Stock Transfer<br \/><span class=\"number\">8<\/span> Labelling<br \/><span class=\"number\">9<\/span> Repackaging<\/p>\n\t\t\t\t\t\t<\/div>\n\t\t\t\t<\/div>\n\t\t\t\t<\/div>\n\t\t\t\t\t<\/div>\n\t\t\t\t<\/div>\n\t\t<div class=\"elementor-element elementor-element-b93b321 e-flex e-con-boxed e-con e-parent\" data-id=\"b93b321\" data-element_type=\"container\" data-settings=\"{&quot;background_background&quot;:&quot;classic&quot;}\" data-core-v316-plus=\"true\">\n\t\t\t\t\t<div class=\"e-con-inner\">\n\t\t\t\t<div class=\"elementor-element elementor-element-3cd56ef elementor-widget elementor-widget-heading\" data-id=\"3cd56ef\" data-element_type=\"widget\" data-widget_type=\"heading.default\">\n\t\t\t\t<div class=\"elementor-widget-container\">\n\t\t\t<h2 class=\"elementor-heading-title elementor-size-default\">Hire Our Specialized Services at Unlimited<\/h2>\t\t<\/div>\n\t\t\t\t<\/div>\n\t\t\t\t<div class=\"elementor-element elementor-element-fd1f88f elementor-widget__width-initial elementor-widget elementor-widget-text-editor\" data-id=\"fd1f88f\" data-element_type=\"widget\" data-widget_type=\"text-editor.default\">\n\t\t\t\t<div class=\"elementor-widget-container\">\n\t\t\t\t\t\t\t<p>At Rodez &amp; Unlimited, we are ready to take your international trade to the next level. If you are ready to hire our services or need more information, click below<\/p>\t\t\t\t\t\t<\/div>\n\t\t\t\t<\/div>\n\t\t\t\t<div class=\"elementor-element elementor-element-50a4e32 elementor-widget elementor-widget-button\" data-id=\"50a4e32\" data-element_type=\"widget\" data-widget_type=\"button.default\">\n\t\t\t\t<div class=\"elementor-widget-container\">\n\t\t\t\t\t<div class=\"elementor-button-wrapper\">\n\t\t\t<a class=\"elementor-button elementor-button-link elementor-size-sm\" href=\"https:\/\/rodez.com.mx\/en\/contact-us\/\">\n\t\t\t\t\t\t<span class=\"elementor-button-content-wrapper\">\n\t\t\t\t\t\t<span class=\"elementor-button-text\">MORE INFORMATION<\/span>\n\t\t<\/span>\n\t\t\t\t\t<\/a>\n\t\t<\/div>\n\t\t\t\t<\/div>\n\t\t\t\t<\/div>\n\t\t\t\t\t<\/div>\n\t\t\t\t<\/div>\n\t\t\t\t<\/div>\n\t\t","protected":false},"excerpt":{"rendered":"<p>Est\u00e1s aqu\u00ed: Inicio P\u00e1gina About Us In August 1994, our story began as a response to the growing demand for Foreign Trade services. Moved by the concern of visionary founders, we embarked on the creation of a dynamic and constantly evolving company. Since then, we have stood out for providing serious and avant-garde capital, adapting&hellip;<\/p>\n","protected":false},"author":1,"featured_media":1705,"parent":0,"menu_order":0,"comment_status":"closed","ping_status":"closed","template":"elementor_header_footer","meta":{"footnotes":""},"class_list":["post-1783","page","type-page","status-publish","has-post-thumbnail","hentry"],"yoast_head":"<!-- This site is optimized with the Yoast SEO plugin v25.5 - https:\/\/yoast.com\/wordpress\/plugins\/seo\/ -->\n<title>About Us - Rodez y Asociados<\/title>\n<meta name=\"robots\" content=\"index, follow, max-snippet:-1, max-image-preview:large, max-video-preview:-1\" \/>\n<link rel=\"canonical\" href=\"https:\/\/rodez.com.mx\/sobre-nosotros\/\" \/>\n<meta property=\"og:locale\" content=\"en_US\" \/>\n<meta property=\"og:type\" content=\"article\" \/>\n<meta property=\"og:title\" content=\"About Us - Rodez y Asociados\" \/>\n<meta property=\"og:description\" content=\"Est\u00e1s aqu\u00ed: Inicio P\u00e1gina About Us In August 1994, our story began as a response to the growing demand for Foreign Trade services. Moved by the concern of visionary founders, we embarked on the creation of a dynamic and constantly evolving company. Since then, we have stood out for providing serious and avant-garde capital, adapting&hellip;\" \/>\n<meta property=\"og:url\" content=\"https:\/\/rodez.com.mx\/sobre-nosotros\/\" \/>\n<meta property=\"og:site_name\" content=\"Rodez y Asociados\" \/>\n<meta property=\"article:modified_time\" content=\"2024-03-22T17:21:48+00:00\" \/>\n<meta property=\"og:image\" content=\"https:\/\/rodez.com.mx\/wp-content\/uploads\/2024\/02\/Slider-de-Home-scaled.jpg\" \/>\n\t<meta property=\"og:image:width\" content=\"2560\" \/>\n\t<meta property=\"og:image:height\" content=\"1040\" \/>\n\t<meta property=\"og:image:type\" content=\"image\/jpeg\" \/>\n<meta name=\"twitter:card\" content=\"summary_large_image\" \/>\n<meta name=\"twitter:label1\" content=\"Est. reading time\" \/>\n\t<meta name=\"twitter:data1\" content=\"1 minute\" \/>\n<script type=\"application\/ld+json\" class=\"yoast-schema-graph\">{\"@context\":\"https:\/\/schema.org\",\"@graph\":[{\"@type\":\"WebPage\",\"@id\":\"https:\/\/rodez.com.mx\/sobre-nosotros\/\",\"url\":\"https:\/\/rodez.com.mx\/sobre-nosotros\/\",\"name\":\"About Us - Rodez y Asociados\",\"isPartOf\":{\"@id\":\"https:\/\/rodez.com.mx\/#website\"},\"primaryImageOfPage\":{\"@id\":\"https:\/\/rodez.com.mx\/sobre-nosotros\/#primaryimage\"},\"image\":{\"@id\":\"https:\/\/rodez.com.mx\/sobre-nosotros\/#primaryimage\"},\"thumbnailUrl\":\"https:\/\/rodez.com.mx\/wp-content\/uploads\/2024\/02\/Slider-de-Home-scaled.jpg\",\"datePublished\":\"2024-02-20T10:02:25+00:00\",\"dateModified\":\"2024-03-22T17:21:48+00:00\",\"breadcrumb\":{\"@id\":\"https:\/\/rodez.com.mx\/sobre-nosotros\/#breadcrumb\"},\"inLanguage\":\"en-US\",\"potentialAction\":[{\"@type\":\"ReadAction\",\"target\":[\"https:\/\/rodez.com.mx\/sobre-nosotros\/\"]}]},{\"@type\":\"ImageObject\",\"inLanguage\":\"en-US\",\"@id\":\"https:\/\/rodez.com.mx\/sobre-nosotros\/#primaryimage\",\"url\":\"https:\/\/rodez.com.mx\/wp-content\/uploads\/2024\/02\/Slider-de-Home-scaled.jpg\",\"contentUrl\":\"https:\/\/rodez.com.mx\/wp-content\/uploads\/2024\/02\/Slider-de-Home-scaled.jpg\",\"width\":2560,\"height\":1040},{\"@type\":\"BreadcrumbList\",\"@id\":\"https:\/\/rodez.com.mx\/sobre-nosotros\/#breadcrumb\",\"itemListElement\":[{\"@type\":\"ListItem\",\"position\":1,\"name\":\"Portada\",\"item\":\"https:\/\/rodez.com.mx\/en\/\"},{\"@type\":\"ListItem\",\"position\":2,\"name\":\"About Us\"}]},{\"@type\":\"WebSite\",\"@id\":\"https:\/\/rodez.com.mx\/#website\",\"url\":\"https:\/\/rodez.com.mx\/\",\"name\":\"Rodez y Asociados\",\"description\":\"Unlimited Forwarding Inc.\",\"publisher\":{\"@id\":\"https:\/\/rodez.com.mx\/#organization\"},\"potentialAction\":[{\"@type\":\"SearchAction\",\"target\":{\"@type\":\"EntryPoint\",\"urlTemplate\":\"https:\/\/rodez.com.mx\/?s={search_term_string}\"},\"query-input\":{\"@type\":\"PropertyValueSpecification\",\"valueRequired\":true,\"valueName\":\"search_term_string\"}}],\"inLanguage\":\"en-US\"},{\"@type\":\"Organization\",\"@id\":\"https:\/\/rodez.com.mx\/#organization\",\"name\":\"Rodez y Asociados\",\"url\":\"https:\/\/rodez.com.mx\/\",\"logo\":{\"@type\":\"ImageObject\",\"inLanguage\":\"en-US\",\"@id\":\"https:\/\/rodez.com.mx\/#\/schema\/logo\/image\/\",\"url\":\"https:\/\/rodez.com.mx\/wp-content\/uploads\/2025\/01\/logo-rodez.jpg\",\"contentUrl\":\"https:\/\/rodez.com.mx\/wp-content\/uploads\/2025\/01\/logo-rodez.jpg\",\"width\":357,\"height\":60,\"caption\":\"Rodez y Asociados\"},\"image\":{\"@id\":\"https:\/\/rodez.com.mx\/#\/schema\/logo\/image\/\"}}]}<\/script>\n<!-- \/ Yoast SEO plugin. -->","yoast_head_json":{"title":"About Us - Rodez y Asociados","robots":{"index":"index","follow":"follow","max-snippet":"max-snippet:-1","max-image-preview":"max-image-preview:large","max-video-preview":"max-video-preview:-1"},"canonical":"https:\/\/rodez.com.mx\/sobre-nosotros\/","og_locale":"en_US","og_type":"article","og_title":"About Us - Rodez y Asociados","og_description":"Est\u00e1s aqu\u00ed: Inicio P\u00e1gina About Us In August 1994, our story began as a response to the growing demand for Foreign Trade services. Moved by the concern of visionary founders, we embarked on the creation of a dynamic and constantly evolving company. Since then, we have stood out for providing serious and avant-garde capital, adapting&hellip;","og_url":"https:\/\/rodez.com.mx\/sobre-nosotros\/","og_site_name":"Rodez y Asociados","article_modified_time":"2024-03-22T17:21:48+00:00","og_image":[{"width":2560,"height":1040,"url":"https:\/\/rodez.com.mx\/wp-content\/uploads\/2024\/02\/Slider-de-Home-scaled.jpg","type":"image\/jpeg"}],"twitter_card":"summary_large_image","twitter_misc":{"Est. reading time":"1 minute"},"schema":{"@context":"https:\/\/schema.org","@graph":[{"@type":"WebPage","@id":"https:\/\/rodez.com.mx\/sobre-nosotros\/","url":"https:\/\/rodez.com.mx\/sobre-nosotros\/","name":"About Us - Rodez y Asociados","isPartOf":{"@id":"https:\/\/rodez.com.mx\/#website"},"primaryImageOfPage":{"@id":"https:\/\/rodez.com.mx\/sobre-nosotros\/#primaryimage"},"image":{"@id":"https:\/\/rodez.com.mx\/sobre-nosotros\/#primaryimage"},"thumbnailUrl":"https:\/\/rodez.com.mx\/wp-content\/uploads\/2024\/02\/Slider-de-Home-scaled.jpg","datePublished":"2024-02-20T10:02:25+00:00","dateModified":"2024-03-22T17:21:48+00:00","breadcrumb":{"@id":"https:\/\/rodez.com.mx\/sobre-nosotros\/#breadcrumb"},"inLanguage":"en-US","potentialAction":[{"@type":"ReadAction","target":["https:\/\/rodez.com.mx\/sobre-nosotros\/"]}]},{"@type":"ImageObject","inLanguage":"en-US","@id":"https:\/\/rodez.com.mx\/sobre-nosotros\/#primaryimage","url":"https:\/\/rodez.com.mx\/wp-content\/uploads\/2024\/02\/Slider-de-Home-scaled.jpg","contentUrl":"https:\/\/rodez.com.mx\/wp-content\/uploads\/2024\/02\/Slider-de-Home-scaled.jpg","width":2560,"height":1040},{"@type":"BreadcrumbList","@id":"https:\/\/rodez.com.mx\/sobre-nosotros\/#breadcrumb","itemListElement":[{"@type":"ListItem","position":1,"name":"Portada","item":"https:\/\/rodez.com.mx\/en\/"},{"@type":"ListItem","position":2,"name":"About Us"}]},{"@type":"WebSite","@id":"https:\/\/rodez.com.mx\/#website","url":"https:\/\/rodez.com.mx\/","name":"Rodez y Asociados","description":"Unlimited Forwarding Inc.","publisher":{"@id":"https:\/\/rodez.com.mx\/#organization"},"potentialAction":[{"@type":"SearchAction","target":{"@type":"EntryPoint","urlTemplate":"https:\/\/rodez.com.mx\/?s={search_term_string}"},"query-input":{"@type":"PropertyValueSpecification","valueRequired":true,"valueName":"search_term_string"}}],"inLanguage":"en-US"},{"@type":"Organization","@id":"https:\/\/rodez.com.mx\/#organization","name":"Rodez y Asociados","url":"https:\/\/rodez.com.mx\/","logo":{"@type":"ImageObject","inLanguage":"en-US","@id":"https:\/\/rodez.com.mx\/#\/schema\/logo\/image\/","url":"https:\/\/rodez.com.mx\/wp-content\/uploads\/2025\/01\/logo-rodez.jpg","contentUrl":"https:\/\/rodez.com.mx\/wp-content\/uploads\/2025\/01\/logo-rodez.jpg","width":357,"height":60,"caption":"Rodez y Asociados"},"image":{"@id":"https:\/\/rodez.com.mx\/#\/schema\/logo\/image\/"}}]}},"_links":{"self":[{"href":"https:\/\/rodez.com.mx\/en\/wp-json\/wp\/v2\/pages\/1783","targetHints":{"allow":["GET"]}}],"collection":[{"href":"https:\/\/rodez.com.mx\/en\/wp-json\/wp\/v2\/pages"}],"about":[{"href":"https:\/\/rodez.com.mx\/en\/wp-json\/wp\/v2\/types\/page"}],"author":[{"embeddable":true,"href":"https:\/\/rodez.com.mx\/en\/wp-json\/wp\/v2\/users\/1"}],"replies":[{"embeddable":true,"href":"https:\/\/rodez.com.mx\/en\/wp-json\/wp\/v2\/comments?post=1783"}],"version-history":[{"count":4,"href":"https:\/\/rodez.com.mx\/en\/wp-json\/wp\/v2\/pages\/1783\/revisions"}],"predecessor-version":[{"id":1810,"href":"https:\/\/rodez.com.mx\/en\/wp-json\/wp\/v2\/pages\/1783\/revisions\/1810"}],"wp:featuredmedia":[{"embeddable":true,"href":"https:\/\/rodez.com.mx\/en\/wp-json\/wp\/v2\/media\/1705"}],"wp:attachment":[{"href":"https:\/\/rodez.com.mx\/en\/wp-json\/wp\/v2\/media?parent=1783"}],"curies":[{"name":"wp","href":"https:\/\/api.w.org\/{rel}","templated":true}]}}